



{"id":4010,"date":"2018-04-19T07:43:22","date_gmt":"2018-04-19T07:43:22","guid":{"rendered":"http:\/\/www.continental.tr\/iletisim\/"},"modified":"2025-11-21T12:07:47","modified_gmt":"2025-11-21T09:07:47","slug":"contact","status":"publish","type":"page","link":"https:\/\/continental.tr\/en\/contact\/","title":{"rendered":"CONTACT"},"content":{"rendered":"<div class=\"wpb-content-wrapper\"><p>[vc_row row_content_width=&#8221;grid&#8221;][vc_column width=&#8221;1\/2&#8243; css=&#8221;.vc_custom_1763547450793{margin-top: 10px !important;}&#8221;][vc_column_text]<\/p>\n<h3>istanbul<\/h3>\n<p>[\/vc_column_text][vc_empty_space height=&#8221;12px&#8221;]<div class=\"qodef-iwt clearfix  qodef-iwt-icon-left qodef-iwt-icon-medium\">\n\t<div class=\"qodef-iwt-icon\">\n\t\t\t\t\t<a itemprop=\"url\" href=\"tel:+902123771555\" target=\"_self\">\n\t\t\t\t\t\t\t\t\t    <span class=\"qodef-icon-shortcode qodef-normal   qodef-icon-medium\"  >\n                    <span aria-hidden=\"true\" class=\"qodef-icon-font-elegant icon_phone qodef-icon-element\" style=\"font-size:15px\" ><\/span>            <\/span>\n\t\t\t\t\t\t\t\t<\/a>\n\t\t\t<\/div>\n\t<div class=\"qodef-iwt-content\" style=\"padding-left: 12px\">\n\t\t\t\t\t\t\t<p class=\"qodef-iwt-text\" style=\"margin-top: 7px\">\n                                    <a itemprop=\"url\" href=\"tel:+902123771555\" target=\"_self\">\n                                        +90 212 377 15 55                                    <\/a>\n                            <\/p>\n\t\t\t<\/div>\n<\/div>[vc_empty_space height=&#8221;12px&#8221;]<div class=\"qodef-iwt clearfix  qodef-iwt-icon-left qodef-iwt-icon-medium\">\n\t<div class=\"qodef-iwt-icon\">\n\t\t\t\t\t<a itemprop=\"url\" href=\"mailto:info@continental.tr\" target=\"_self\">\n\t\t\t\t\t\t\t\t\t    <span class=\"qodef-icon-shortcode qodef-normal   qodef-icon-medium\"  >\n                    <span aria-hidden=\"true\" class=\"qodef-icon-font-elegant icon_comment qodef-icon-element\" style=\"font-size:15px\" ><\/span>            <\/span>\n\t\t\t\t\t\t\t\t<\/a>\n\t\t\t<\/div>\n\t<div class=\"qodef-iwt-content\" style=\"padding-left: 12px\">\n\t\t\t\t\t\t\t<p class=\"qodef-iwt-text\" style=\"margin-top: 7px\">\n                                    <a itemprop=\"url\" href=\"mailto:info@continental.tr\" target=\"_self\">\n                                        info@continental.tr                                    <\/a>\n                            <\/p>\n\t\t\t<\/div>\n<\/div>[vc_empty_space height=&#8221;12px&#8221;]<div class=\"qodef-iwt clearfix  qodef-iwt-icon-left qodef-iwt-icon-medium\">\n\t<div class=\"qodef-iwt-icon\">\n\t\t\t\t\t<a itemprop=\"url\" href=\"https:\/\/www.google.com\/maps?ll=41.028189,28.972708&#038;z=16&#038;t=m&#038;hl=en-us&#038;gl=tr&#038;mapclient=embed&#038;cid=14475378145977281863\" target=\"_self\">\n\t\t\t\t\t\t\t\t\t    <span class=\"qodef-icon-shortcode qodef-normal   qodef-icon-medium\"  >\n                    <span aria-hidden=\"true\" class=\"qodef-icon-font-elegant icon_pin qodef-icon-element\" style=\"font-size:15px\" ><\/span>            <\/span>\n\t\t\t\t\t\t\t\t<\/a>\n\t\t\t<\/div>\n\t<div class=\"qodef-iwt-content\" style=\"padding-left: 12px\">\n\t\t\t\t\t\t\t<p class=\"qodef-iwt-text\" style=\"margin-top: 7px\">\n                                    <a itemprop=\"url\" href=\"https:\/\/www.google.com\/maps?ll=41.028189,28.972708&#038;z=16&#038;t=m&#038;hl=en-us&#038;gl=tr&#038;mapclient=embed&#038;cid=14475378145977281863\" target=\"_self\">\n                                        \u015fi\u015fhane evliya \u00e7elebi mah. me\u015frutiyet cad. no:96, 34430 beyo\u011flu - istanbul \/ t\u00fcrkiye                                    <\/a>\n                            <\/p>\n\t\t\t<\/div>\n<\/div>[vc_empty_space height=&#8221;19px&#8221;]<div class=\"qodef-section-title-holder  qodef-st-standard qodef-st-title-left  qodef-st-normal-space  \" style=\"text-align: left\">\n\t<div class=\"qodef-st-inner\">\n        \t\t\t\t\t\t\t<p class=\"qodef-st-text\" >\n\t\t\t\tContinental Hotels - Tunel is right in front of sishane metro station. the metro is the best way to reach the city centre. you can also reach the airport by metro. sightseeing locations and shopping centres are accessible by metro in minutes.\t\t\t<\/p>\n\t\t\t<\/div>\n<\/div>[\/vc_column][vc_column width=&#8221;1\/2&#8243; css=&#8221;.vc_custom_1763547405668{padding-top: 15% !important;}&#8221;]<div class=\"qodef-section-title-holder  qodef-st-standard qodef-st-title-left  qodef-st-normal-space  \" style=\"text-align: center\">\n\t<div class=\"qodef-st-inner\">\n        \t\t\t\t\t\t\t<p class=\"qodef-st-text\" >\n\t\t\t\tContinental Hotels - Tunel is in mesrutiyet avenue across from the beyoglu tax office and sishane metro exit. centrally located it is within walking distance of istiklal avenue and the galata tower. the city has a unique cultural identitiy and the pick of it can be found just a few steps away. istanbul airport is 38 km away and 40 minutes by car. sabiha gokcen airport is 45 km away and 1 hour by car.\t\t\t<\/p>\n\t\t\t<\/div>\n<\/div>[\/vc_column][\/vc_row][vc_row row_content_width=&#8221;grid&#8221;][vc_column][vc_column_text]<\/p>\n<h3 style=\"font-weight: 400;\"><strong>Transportation From Airports to the Hotel<\/strong><\/h3>\n<p style=\"font-weight: 400;\"><strong>Continental Hotel<\/strong>\u00a0is located in Beyo\u011flu, one of Istanbul\u2019s most central districts. The\u00a0<strong>\u015ei\u015fhane \u2013 Zemin Istanbul Metro Station is situated directly adjacent to the hotel<\/strong>, providing immediate and convenient access from the station exit to the property. Thanks to this strategic location, reaching the hotel from both\u00a0<strong>Istanbul Airport (IST)<\/strong>\u00a0and\u00a0<strong>Sabiha G\u00f6k\u00e7en Airport (SAW)<\/strong>\u00a0is exceptionally easy and efficient.<\/p>\n<p style=\"font-weight: 400;\">In addition, we offer\u00a0<strong>paid VIP transfer services<\/strong>\u00a0for airport and city transportation. For detailed information and reservations regarding this service\u2014provided with modern vehicles and professional drivers\u2014please contact our hotel team.<\/p>\n<h3 style=\"font-weight: 400;\"><strong>Istanbul Airport (IST)<\/strong><\/h3>\n<ul>\n<li style=\"font-weight: 400;\"><strong> Private Vehicle \/ Taxi \/ Transfer:<\/strong><br \/>\nDirect transportation to the hotel is available via taxi or VIP transfer. Travel time varies between <strong>40\u201360 minutes<\/strong>, depending on traffic conditions.<\/li>\n<li style=\"font-weight: 400;\"><strong> Havaist Shuttle:<\/strong><br \/>\nYou may take the <strong>IST\u2013Taksim <\/strong>or\u00a0<strong>IST\u2013Beyaz\u0131t<\/strong>\u00a0Havaist shuttle lines to Taksim, and from there continue\u00a0<strong>one stop<\/strong>\u00a0on the\u00a0<strong>M2 metro line<\/strong>\u00a0to \u015ei\u015fhane Station.<\/li>\n<li style=\"font-weight: 400;\"><strong> Metro (Short Route):<\/strong><br \/>\nFrom Istanbul Airport, take the <strong>M11 metro line <\/strong>to\u00a0<strong>Gayrettepe<\/strong>, then transfer to the\u00a0<strong>M2 metro line<\/strong>\u00a0to reach\u00a0<strong>\u015ei\u015fhane Station<\/strong>. The hotel is only a few steps from the station exit.<\/li>\n<\/ul>\n<h3 style=\"font-weight: 400;\"><strong>Sabiha G\u00f6k\u00e7en Airport (SAW)<\/strong><\/h3>\n<ul>\n<li style=\"font-weight: 400;\"><strong> Private Vehicle \/ Taxi \/ Transfer:<\/strong><br \/>\nDirect transportation to the hotel is available via taxi or VIP transfer. Travel time ranges from <strong>60\u201390 minutes<\/strong>, depending on traffic.<\/li>\n<li style=\"font-weight: 400;\"><strong> Havabus Shuttle:<\/strong><br \/>\nTake the <strong>SAW\u2013Taksim <\/strong>Havabus line to Taksim, then continue\u00a0<strong>one stop<\/strong>\u00a0with the\u00a0<strong>M2 metro line<\/strong>\u00a0to \u015ei\u015fhane Station.<\/li>\n<li style=\"font-weight: 400;\"><strong> Metro (Short Route):<\/strong><br \/>\nTake the <strong>M4 metro line <\/strong>to\u00a0<strong>Ayr\u0131l\u0131k \u00c7e\u015fmesi<\/strong>, transfer to the\u00a0<strong>Marmaray<\/strong>\u00a0line to\u00a0<strong>Yenikap\u0131<\/strong>, and then continue on the\u00a0<strong>M2 metro line<\/strong>\u00a0to\u00a0<strong>\u015ei\u015fhane Station<\/strong>. From the station exit, the hotel is easily accessible.<\/li>\n<\/ul>\n<p>[\/vc_column_text][\/vc_column][\/vc_row]<\/p>\n<\/div>","protected":false},"excerpt":{"rendered":"<p>[vc_row row_content_width=&#8221;grid&#8221;][vc_column width=&#8221;1\/2&#8243; css=&#8221;.vc_custom_1763547450793{margin-top: 10px !important;}&#8221;][vc_column_text] istanbul [\/vc_column_text][vc_empty_space height=&#8221;12px&#8221;][vc_empty_space height=&#8221;12px&#8221;][vc_empty_space height=&#8221;12px&#8221;][vc_empty_space height=&#8221;19px&#8221;][\/vc_column][vc_column width=&#8221;1\/2&#8243; css=&#8221;.vc_custom_1763547405668{padding-top: 15% !important;}&#8221;][\/vc_column][\/vc_row][vc_row row_content_width=&#8221;grid&#8221;][vc_column][vc_column_text] Transportation From Airports to the Hotel Continental Hotel\u00a0is located in Beyo\u011flu, one of Istanbul\u2019s most central districts. The\u00a0\u015ei\u015fhane \u2013 Zemin Istanbul Metro Station [&hellip;]<\/p>\n","protected":false},"author":1,"featured_media":0,"parent":0,"menu_order":0,"comment_status":"closed","ping_status":"closed","template":"full-width.php","meta":{"footnotes":""},"class_list":["post-4010","page","type-page","status-publish","hentry"],"yoast_head":"<!-- This site is optimized with the Yoast SEO plugin v26.5 - https:\/\/yoast.com\/wordpress\/plugins\/seo\/ -->\n<title>CONTACT - Continental Hotel<\/title>\n<meta name=\"robots\" content=\"index, follow, max-snippet:-1, max-image-preview:large, max-video-preview:-1\" \/>\n<link rel=\"canonical\" href=\"https:\/\/continental.tr\/en\/contact\/\" \/>\n<meta property=\"og:locale\" content=\"en_US\" \/>\n<meta property=\"og:type\" content=\"article\" \/>\n<meta property=\"og:title\" content=\"CONTACT - Continental Hotel\" \/>\n<meta property=\"og:description\" content=\"[vc_row row_content_width=&#8221;grid&#8221;][vc_column width=&#8221;1\/2&#8243; css=&#8221;.vc_custom_1763547450793{margin-top: 10px !important;}&#8221;][vc_column_text] istanbul [\/vc_column_text][vc_empty_space height=&#8221;12px&#8221;][vc_empty_space height=&#8221;12px&#8221;][vc_empty_space height=&#8221;12px&#8221;][vc_empty_space height=&#8221;19px&#8221;][\/vc_column][vc_column width=&#8221;1\/2&#8243; css=&#8221;.vc_custom_1763547405668{padding-top: 15% !important;}&#8221;][\/vc_column][\/vc_row][vc_row row_content_width=&#8221;grid&#8221;][vc_column][vc_column_text] Transportation From Airports to the Hotel Continental Hotel\u00a0is located in Beyo\u011flu, one of Istanbul\u2019s most central districts. The\u00a0\u015ei\u015fhane \u2013 Zemin Istanbul Metro Station [&hellip;]\" \/>\n<meta property=\"og:url\" content=\"https:\/\/continental.tr\/en\/contact\/\" \/>\n<meta property=\"og:site_name\" content=\"Continental Hotel\" \/>\n<meta property=\"article:modified_time\" content=\"2025-11-21T09:07:47+00:00\" \/>\n<meta name=\"twitter:card\" content=\"summary_large_image\" \/>\n<meta name=\"twitter:label1\" content=\"Est. reading time\" \/>\n\t<meta name=\"twitter:data1\" content=\"3 minutes\" \/>\n<script type=\"application\/ld+json\" class=\"yoast-schema-graph\">{\"@context\":\"https:\/\/schema.org\",\"@graph\":[{\"@type\":\"WebPage\",\"@id\":\"https:\/\/continental.tr\/en\/contact\/\",\"url\":\"https:\/\/continental.tr\/en\/contact\/\",\"name\":\"CONTACT - Continental Hotel\",\"isPartOf\":{\"@id\":\"https:\/\/continental.tr\/#website\"},\"datePublished\":\"2018-04-19T07:43:22+00:00\",\"dateModified\":\"2025-11-21T09:07:47+00:00\",\"inLanguage\":\"en-US\",\"potentialAction\":[{\"@type\":\"ReadAction\",\"target\":[\"https:\/\/continental.tr\/en\/contact\/\"]}]},{\"@type\":\"WebSite\",\"@id\":\"https:\/\/continental.tr\/#website\",\"url\":\"https:\/\/continental.tr\/\",\"name\":\"Continental Hotel\",\"description\":\"Istanbul, Turkey\",\"potentialAction\":[{\"@type\":\"SearchAction\",\"target\":{\"@type\":\"EntryPoint\",\"urlTemplate\":\"https:\/\/continental.tr\/?s={search_term_string}\"},\"query-input\":{\"@type\":\"PropertyValueSpecification\",\"valueRequired\":true,\"valueName\":\"search_term_string\"}}],\"inLanguage\":\"en-US\"}]}<\/script>\n<!-- \/ Yoast SEO plugin. -->","yoast_head_json":{"title":"CONTACT - Continental Hotel","robots":{"index":"index","follow":"follow","max-snippet":"max-snippet:-1","max-image-preview":"max-image-preview:large","max-video-preview":"max-video-preview:-1"},"canonical":"https:\/\/continental.tr\/en\/contact\/","og_locale":"en_US","og_type":"article","og_title":"CONTACT - Continental Hotel","og_description":"[vc_row row_content_width=&#8221;grid&#8221;][vc_column width=&#8221;1\/2&#8243; css=&#8221;.vc_custom_1763547450793{margin-top: 10px !important;}&#8221;][vc_column_text] istanbul [\/vc_column_text][vc_empty_space height=&#8221;12px&#8221;][vc_empty_space height=&#8221;12px&#8221;][vc_empty_space height=&#8221;12px&#8221;][vc_empty_space height=&#8221;19px&#8221;][\/vc_column][vc_column width=&#8221;1\/2&#8243; css=&#8221;.vc_custom_1763547405668{padding-top: 15% !important;}&#8221;][\/vc_column][\/vc_row][vc_row row_content_width=&#8221;grid&#8221;][vc_column][vc_column_text] Transportation From Airports to the Hotel Continental Hotel\u00a0is located in Beyo\u011flu, one of Istanbul\u2019s most central districts. The\u00a0\u015ei\u015fhane \u2013 Zemin Istanbul Metro Station [&hellip;]","og_url":"https:\/\/continental.tr\/en\/contact\/","og_site_name":"Continental Hotel","article_modified_time":"2025-11-21T09:07:47+00:00","twitter_card":"summary_large_image","twitter_misc":{"Est. reading time":"3 minutes"},"schema":{"@context":"https:\/\/schema.org","@graph":[{"@type":"WebPage","@id":"https:\/\/continental.tr\/en\/contact\/","url":"https:\/\/continental.tr\/en\/contact\/","name":"CONTACT - Continental Hotel","isPartOf":{"@id":"https:\/\/continental.tr\/#website"},"datePublished":"2018-04-19T07:43:22+00:00","dateModified":"2025-11-21T09:07:47+00:00","inLanguage":"en-US","potentialAction":[{"@type":"ReadAction","target":["https:\/\/continental.tr\/en\/contact\/"]}]},{"@type":"WebSite","@id":"https:\/\/continental.tr\/#website","url":"https:\/\/continental.tr\/","name":"Continental Hotel","description":"Istanbul, Turkey","potentialAction":[{"@type":"SearchAction","target":{"@type":"EntryPoint","urlTemplate":"https:\/\/continental.tr\/?s={search_term_string}"},"query-input":{"@type":"PropertyValueSpecification","valueRequired":true,"valueName":"search_term_string"}}],"inLanguage":"en-US"}]}},"_links":{"self":[{"href":"https:\/\/continental.tr\/en\/wp-json\/wp\/v2\/pages\/4010","targetHints":{"allow":["GET"]}}],"collection":[{"href":"https:\/\/continental.tr\/en\/wp-json\/wp\/v2\/pages"}],"about":[{"href":"https:\/\/continental.tr\/en\/wp-json\/wp\/v2\/types\/page"}],"author":[{"embeddable":true,"href":"https:\/\/continental.tr\/en\/wp-json\/wp\/v2\/users\/1"}],"replies":[{"embeddable":true,"href":"https:\/\/continental.tr\/en\/wp-json\/wp\/v2\/comments?post=4010"}],"version-history":[{"count":13,"href":"https:\/\/continental.tr\/en\/wp-json\/wp\/v2\/pages\/4010\/revisions"}],"predecessor-version":[{"id":4774,"href":"https:\/\/continental.tr\/en\/wp-json\/wp\/v2\/pages\/4010\/revisions\/4774"}],"wp:attachment":[{"href":"https:\/\/continental.tr\/en\/wp-json\/wp\/v2\/media?parent=4010"}],"curies":[{"name":"wp","href":"https:\/\/api.w.org\/{rel}","templated":true}]}}