



{"id":4204,"date":"2019-05-16T11:43:46","date_gmt":"2019-05-16T08:43:46","guid":{"rendered":"https:\/\/www.continental.tr\/kisisel-verilerin-korunmasi\/"},"modified":"2020-02-24T16:55:04","modified_gmt":"2020-02-24T13:55:04","slug":"protection-of-personal-data","status":"publish","type":"page","link":"https:\/\/continental.tr\/en\/protection-of-personal-data\/","title":{"rendered":"CONTINENTAL OTELCILIK TURIZM A.S. INFORMATION TEXT ON PROTECTION OF PERSONAL DATA"},"content":{"rendered":"<div class=\"wpb-content-wrapper\"><p>[vc_row row_content_width=&#8221;grid&#8221;][vc_column][vc_column_text]We, as Continental Otelcilik Turizm A.S. (\u201cContinental\u201d\/\u201cCompany\u201d\/\u201cData Controller\u201d), acting as the Data Controller, hereby would like to inform you about the Law Nr. 6698 on Protection of Personal Data (the &#8220;LPPD&#8221;), which has been promulgated on the Official Journal, dated April 7, 2016 with the issue number 29677, in order to protect particularly the right of privacy and the fundamental rights and freedoms of individuals with respect to processing of any personal data as well as to determine the obligations of the real or legal persons, who process the personal data, pursuant to the Article 10 \u201cData Controller\u2019s Obligation to Provide Information\u201d.<br \/>\nAny information about how personal data is processed by Continental is provided under the headings.<\/p>\n<p><strong>a) About Data Controller<\/strong><\/p>\n<p>Continental pays special attention to protection and security of the personal data; accordingly, it takes the necessary technical and administrative measures required to ensure that any and all kinds of personal data of any and all real persons with respect to Continental are processed and kept legally in accordance with the LPPD.<br \/>\nThe personal data are processed by Continental in the capacity of \u201cdata controller\u201d in accordance with the LPPD. The real persons, whose personal data are processed in accordance with the LPPD, may review this information text, and they may obtain information about the personal data collected by Continental in the capacity of data controller, and the purposes of processing thereof, and the persons, to whom such personal data may be transferred, and the method of collection thereof, and the legal reason thereof, and also its rights for such personal data.<\/p>\n<p><strong>b) Purposes of Processing Personal Data<\/strong><\/p>\n<p>The personal data are processed for legitimate interest of Continental verbally, in writing or electronically through the website and similar means by using the automatic or non-automatic methods in order to achieve the following purposes in compliance with the LPPD and other relevant regulations as well as with our Policy for Protection and Processing of Personal Data, in the cases as prescribed explicitly under the regulations in compliance with the provisions prescribed under the Sections 5 and 6 of the LPPD, and to the extent that it shall directly or indirectly relate to establishment or performance of any agreement, and in the event that it is required to process the personal data of the parties to the agreement, and also in a manner not to damage the fundamental rights and freedoms of the concerned person.<\/p>\n<p>The purposes of processing of the personal data may be updated based on our Company policies and our obligations arising from the regulations, and they include the following processing purposes:<\/p>\n<p>\u2022 Carrying out the application processes for the employee candidates who file an application to the Company;<br \/>\n\u2022 Fulfilling the obligations arising from contract of employment and regulations with respect to the employees of the Company;<br \/>\n\u2022 Carrying out the processes for the benefits and interests of the employees of the Company;<br \/>\n\u2022 Planning and performing the training activities of the employees;<br \/>\n\u2022 Planning and performing the employees\u2019 authorization for access to information;<br \/>\n\u2022 Monitoring and supervising the business activities of the employees;<br \/>\n\u2022 Recruiting any personnel appropriate for the vacant positions in compliance with the human resources policies of the Company in order to ensure execution of the human resources policies, and executing the human resources operations;<br \/>\n\u2022 Fulfilling the obligations under the Occupational Health and Safety, and taking the necessary measures for such purpose;<br \/>\n\u2022 Planning and performing information security processes and set up and manage IT infrastructure;<br \/>\n\u2022 Monitoring the finance and\/or accounting and legal affairs;<br \/>\n\u2022 Planning and performing the business partners\u2019 and\/or suppliers&#8217; authorization for access to information, and managing the relations with the business partners and\/or suppliers;<br \/>\n\u2022 Planning and performing the necessary operational activities required to ensure that the activities of the Company are carried out in compliance with the Company procedures and\/or the relevant regulations;<br \/>\n\u2022 Providing the physical space security;<br \/>\n\u2022 Monitoring and completing the registration of the visitors;<br \/>\n\u2022 Fulfilling the legal and regulatory requirements;<br \/>\n\u2022 Providing any information to the competent persons and\/or authorities due to the regulations;<\/p>\n<p>The following principles are followed during processing of the personal data:<\/p>\n<p>\u2022 Compliance with the laws and good faith;<br \/>\n\u2022 Being accurate, and up-to-date if and when so required;<br \/>\n\u2022 Being processed for specific, explicit and legitimate purposes;<br \/>\n\u2022 Being associated with, and limited to the purpose, for which they are processed, and also being moderation;<br \/>\n\u2022 Being retained during the period of time either prescribed under the applicable regulations or required for the purpose, for which they are processed.<\/p>\n<p><strong>c) Personal Data Sharing and Transfer<\/strong><\/p>\n<p>In respect of transfer of the personal data, the Company has the responsibility for acting in compliance with the provisions as prescribed under the LPPD, and with the resolution adopted by the Personal Data Protection Committee, and also with the applicable regulations.<\/p>\n<p>Your personal data collected may be transferred to the following persons\/organizations\/institutions to the extent that it shall be limited to achievement of the purposes as specified above:<\/p>\n<p>\u2022 The Company\u2019s national and international business partners, shareholders, national and international suppliers, national and international community companies;<br \/>\n\u2022 The persons or organizations as permitted by the provisions prescribed under the Turkish Commercial Code, Turkish Code of Obligations and other laws and regulations;<br \/>\n\u2022 The statutorily competent public authorities and institutions, and the administrative and statutory authorities;<br \/>\n\u2022 The real or legal persons, from which the Company procures service with respect to the product\/services, and with whom the Company cooperates;<br \/>\nin accordance with the personal data processing requirements and purposes as specified under the Sections 8 and 9 of the Law Nr. 6698.<\/p>\n<p>The Company may not transfer any personal and private data of the concerned persons to the other real or legal persons without the explicit consent of the concerned person. In so far, the data may be transferred to the authorized administrative or judicial institution or organization without the explicit consent of the concerned person in accordance with and subject to the limitations as prescribed under the regulations, if and when required by the LPPD and other laws.<\/p>\n<p>However, the transfer is also possible without the consent of the concerned person in the cases as prescribed under the Sections 5 and 6 of the LPPD. In the event that any agreement has been executed with the data owner, then the Company may transfer the personal data to the 3rd persons, situated in the Republic of Turkey, in compliance with the requirements as prescribed under the LPPD and other applicable regulations provided that it shall take any and all security measures for such purpose, unless otherwise set out under such agreement, the LPPD or the other applicable regulations.<\/p>\n<p>The personal data are\/may be transferred to the foreign countries (\u201cForeign Countries with Sufficient Level of Protection\u201d), which are announced by the PDP Board to have the sufficient level of protection, or otherwise to the foreign countries (\u201cForeign Countries with Sufficient Data Controller Committing to Attain Sufficient Level of Protection\u201d), in which the data controllers available in Turkey and the respective foreign country have committed, in writing, to ensure that a sufficient level of protection would be attained, and which are permitted by the Personal Data Protection Committee. Accordingly, our Company acts\/will act in compliance with the regulations as prescribed under the Section 9 of the LPPD and with the statutory regulations.<\/p>\n<p><strong>d) Methods for Collection of Your Personal Data and Legal Grounds Thereof<\/strong><\/p>\n<p>The personal data are collected verbally, in writing or electronically for the purposes as provided above, and they are processed and transferred in accordance with the Sections 5 and 6 of the LPPD.<\/p>\n<p><strong>e) Your Rights Arising from the Law on Your Personal Data<\/strong><\/p>\n<p>Your rights with respect to your personal data are provided as follows pursuant to the Section 11 of the LPPD:<br \/>\n\u2022 to inquire whether your personal data have been processed, or not; and<br \/>\n\u2022 to request information with respect thereto in the event that your personal date have been; and<br \/>\n\u2022 to be informed about the purpose of processing of your personal data, and also about the fact that whether such personal data have been used in compliance with the intended use thereof; and<br \/>\n\u2022 to be informed about the national and international third persons, to whom\/which your personal data has been transferred; and<br \/>\n\u2022 to request correction of your personal data in the event that they have been processed incompletely or inaccurately; and<br \/>\n\u2022 to request deletion or disposal of your personal data in accordance with the requirements prescribed under the Section 7 of the LPPD; and<br \/>\n\u2022 to request that the third persons, to whom your personal data are transferred, are notified of the processes carried out pursuant to your rights for deletion, correction and disposal of your personal data as specified above; and<br \/>\n\u2022 to raise an objection against emergence of an outcome that is to the detriment of the concerned person upon the exclusive analysis of any data processed by means of the automatic systems; and also<br \/>\n\u2022 to claim for compensation of any damage and\/or loss that might have been incurred due to the fact that your personal data has been processed in breach of the LPPD and applicable regulations.<\/p>\n<p><strong>f) Method for Exercise of Your Rights Arising from the Law on Your Personal Data<\/strong><\/p>\n<p>In respect of your request for exercise of your rights as specified above, after you complete the \u201cContinental Otelcilik Turizm A.S.-Application Form\u201d available in the web address <a href=\"https:\/\/www.continental.tr\/\">https:\/\/www.continental.tr\/<\/a> , you may send such form:<\/p>\n<p>i. to the address \u201cEvliya \u00c7elebi Mah. Me\u015frutiyet Cad. No:96 \u015ei\u015fhane, Beyo\u011flu \u0130stanbul\u201d, by cargo along with a petition, which bears your original signature, and which bears the statement \u201cRequest for Information under the Law on Personal Data Protection\u201d on the envelope;<br \/>\nii. through the agency of any notary public; and\/or<br \/>\niii. to <a href=\"mailto:continental.otelcilik@hs01.kep.tr\">continental.otelcilik@hs01.kep.tr<\/a> through the electronic mail address registered or your electronic mail address registered our system in a manner to bear the secure electronic or mobile signature.<\/p>\n<p><strong>g) Replying to your application<\/strong><\/p>\n<p>The applications to be filed accordingly will be concluded within the possibly shortest period of time and within a period of 30 days on maximum basis.<\/p>\n<p><strong>h) Your Right to File a Complaint to the Personal Data Protection Committee<\/strong><\/p>\n<p>In the event that your application is rejected, or that the reply is found to be insufficient, or that the application is not replied in due course of time, then you may file a complaint to the Personal Data Protection Committee within a period of thirty days as of the date, on which you are informed about our reply to your application, and within a period of sixty days as of the date of application in any case.<\/p>\n<p><a href=\"https:\/\/continental.tr\/en\/policy-on-processing-and-storage-of-personal-data\/\" target=\"_blank\" rel=\"noopener noreferrer\">Policy On Processing And Storage Of Personal Data<\/a><br \/>\n<a href=\"\/wp-content\/uploads\/2020\/02\/continental-otelcilik-turizm-a.s.-application-form.pdf\" target=\"_blank\" rel=\"noopener noreferrer\">Application Form For Data Subjects To Exercise Their Rights<\/a>[\/vc_column_text][\/vc_column][\/vc_row][vc_row][vc_column][vc_raw_html]JTNDc3R5bGUlM0UlMEFhJTdCJTBBdGV4dC1kZWNvcmF0aW9uJTNBdW5kZXJsaW5lJTIwJTIxaW1wb3J0YW50JTNCJTBBJTdEJTBBJTNDJTJGc3R5bGUlM0U=[\/vc_raw_html][\/vc_column][\/vc_row]<\/p>\n<\/div>","protected":false},"excerpt":{"rendered":"<p>[vc_row row_content_width=&#8221;grid&#8221;][vc_column][vc_column_text]We, as Continental Otelcilik Turizm A.S. (\u201cContinental\u201d\/\u201cCompany\u201d\/\u201cData Controller\u201d), acting as the Data Controller, hereby would like to inform you about the Law Nr. 6698 on Protection of Personal Data (the &#8220;LPPD&#8221;), which has been promulgated on the Official Journal, [&hellip;]<\/p>\n","protected":false},"author":1,"featured_media":0,"parent":0,"menu_order":0,"comment_status":"closed","ping_status":"closed","template":"full-width.php","meta":{"footnotes":""},"class_list":["post-4204","page","type-page","status-publish","hentry"],"yoast_head":"<!-- This site is optimized with the Yoast SEO plugin v26.5 - https:\/\/yoast.com\/wordpress\/plugins\/seo\/ -->\n<title>CONTINENTAL OTELCILIK TURIZM A.S. INFORMATION TEXT ON PROTECTION OF PERSONAL DATA - Continental Hotel<\/title>\n<meta name=\"robots\" content=\"index, follow, max-snippet:-1, max-image-preview:large, max-video-preview:-1\" \/>\n<link rel=\"canonical\" href=\"https:\/\/continental.tr\/en\/protection-of-personal-data\/\" \/>\n<meta property=\"og:locale\" content=\"en_US\" \/>\n<meta property=\"og:type\" content=\"article\" \/>\n<meta property=\"og:title\" content=\"CONTINENTAL OTELCILIK TURIZM A.S. INFORMATION TEXT ON PROTECTION OF PERSONAL DATA - Continental Hotel\" \/>\n<meta property=\"og:description\" content=\"[vc_row row_content_width=&#8221;grid&#8221;][vc_column][vc_column_text]We, as Continental Otelcilik Turizm A.S. (\u201cContinental\u201d\/\u201cCompany\u201d\/\u201cData Controller\u201d), acting as the Data Controller, hereby would like to inform you about the Law Nr. 6698 on Protection of Personal Data (the &#8220;LPPD&#8221;), which has been promulgated on the Official Journal, [&hellip;]\" \/>\n<meta property=\"og:url\" content=\"https:\/\/continental.tr\/en\/protection-of-personal-data\/\" \/>\n<meta property=\"og:site_name\" content=\"Continental Hotel\" \/>\n<meta property=\"article:modified_time\" content=\"2020-02-24T13:55:04+00:00\" \/>\n<meta name=\"twitter:card\" content=\"summary_large_image\" \/>\n<meta name=\"twitter:label1\" content=\"Est. reading time\" \/>\n\t<meta name=\"twitter:data1\" content=\"9 minutes\" \/>\n<script type=\"application\/ld+json\" class=\"yoast-schema-graph\">{\"@context\":\"https:\/\/schema.org\",\"@graph\":[{\"@type\":\"WebPage\",\"@id\":\"https:\/\/continental.tr\/en\/protection-of-personal-data\/\",\"url\":\"https:\/\/continental.tr\/en\/protection-of-personal-data\/\",\"name\":\"CONTINENTAL OTELCILIK TURIZM A.S. INFORMATION TEXT ON PROTECTION OF PERSONAL DATA - Continental Hotel\",\"isPartOf\":{\"@id\":\"https:\/\/continental.tr\/#website\"},\"datePublished\":\"2019-05-16T08:43:46+00:00\",\"dateModified\":\"2020-02-24T13:55:04+00:00\",\"inLanguage\":\"en-US\",\"potentialAction\":[{\"@type\":\"ReadAction\",\"target\":[\"https:\/\/continental.tr\/en\/protection-of-personal-data\/\"]}]},{\"@type\":\"WebSite\",\"@id\":\"https:\/\/continental.tr\/#website\",\"url\":\"https:\/\/continental.tr\/\",\"name\":\"Continental Hotel\",\"description\":\"Istanbul, Turkey\",\"potentialAction\":[{\"@type\":\"SearchAction\",\"target\":{\"@type\":\"EntryPoint\",\"urlTemplate\":\"https:\/\/continental.tr\/?s={search_term_string}\"},\"query-input\":{\"@type\":\"PropertyValueSpecification\",\"valueRequired\":true,\"valueName\":\"search_term_string\"}}],\"inLanguage\":\"en-US\"}]}<\/script>\n<!-- \/ Yoast SEO plugin. -->","yoast_head_json":{"title":"CONTINENTAL OTELCILIK TURIZM A.S. INFORMATION TEXT ON PROTECTION OF PERSONAL DATA - Continental Hotel","robots":{"index":"index","follow":"follow","max-snippet":"max-snippet:-1","max-image-preview":"max-image-preview:large","max-video-preview":"max-video-preview:-1"},"canonical":"https:\/\/continental.tr\/en\/protection-of-personal-data\/","og_locale":"en_US","og_type":"article","og_title":"CONTINENTAL OTELCILIK TURIZM A.S. INFORMATION TEXT ON PROTECTION OF PERSONAL DATA - Continental Hotel","og_description":"[vc_row row_content_width=&#8221;grid&#8221;][vc_column][vc_column_text]We, as Continental Otelcilik Turizm A.S. (\u201cContinental\u201d\/\u201cCompany\u201d\/\u201cData Controller\u201d), acting as the Data Controller, hereby would like to inform you about the Law Nr. 6698 on Protection of Personal Data (the &#8220;LPPD&#8221;), which has been promulgated on the Official Journal, [&hellip;]","og_url":"https:\/\/continental.tr\/en\/protection-of-personal-data\/","og_site_name":"Continental Hotel","article_modified_time":"2020-02-24T13:55:04+00:00","twitter_card":"summary_large_image","twitter_misc":{"Est. reading time":"9 minutes"},"schema":{"@context":"https:\/\/schema.org","@graph":[{"@type":"WebPage","@id":"https:\/\/continental.tr\/en\/protection-of-personal-data\/","url":"https:\/\/continental.tr\/en\/protection-of-personal-data\/","name":"CONTINENTAL OTELCILIK TURIZM A.S. INFORMATION TEXT ON PROTECTION OF PERSONAL DATA - Continental Hotel","isPartOf":{"@id":"https:\/\/continental.tr\/#website"},"datePublished":"2019-05-16T08:43:46+00:00","dateModified":"2020-02-24T13:55:04+00:00","inLanguage":"en-US","potentialAction":[{"@type":"ReadAction","target":["https:\/\/continental.tr\/en\/protection-of-personal-data\/"]}]},{"@type":"WebSite","@id":"https:\/\/continental.tr\/#website","url":"https:\/\/continental.tr\/","name":"Continental Hotel","description":"Istanbul, Turkey","potentialAction":[{"@type":"SearchAction","target":{"@type":"EntryPoint","urlTemplate":"https:\/\/continental.tr\/?s={search_term_string}"},"query-input":{"@type":"PropertyValueSpecification","valueRequired":true,"valueName":"search_term_string"}}],"inLanguage":"en-US"}]}},"_links":{"self":[{"href":"https:\/\/continental.tr\/en\/wp-json\/wp\/v2\/pages\/4204","targetHints":{"allow":["GET"]}}],"collection":[{"href":"https:\/\/continental.tr\/en\/wp-json\/wp\/v2\/pages"}],"about":[{"href":"https:\/\/continental.tr\/en\/wp-json\/wp\/v2\/types\/page"}],"author":[{"embeddable":true,"href":"https:\/\/continental.tr\/en\/wp-json\/wp\/v2\/users\/1"}],"replies":[{"embeddable":true,"href":"https:\/\/continental.tr\/en\/wp-json\/wp\/v2\/comments?post=4204"}],"version-history":[{"count":6,"href":"https:\/\/continental.tr\/en\/wp-json\/wp\/v2\/pages\/4204\/revisions"}],"predecessor-version":[{"id":4225,"href":"https:\/\/continental.tr\/en\/wp-json\/wp\/v2\/pages\/4204\/revisions\/4225"}],"wp:attachment":[{"href":"https:\/\/continental.tr\/en\/wp-json\/wp\/v2\/media?parent=4204"}],"curies":[{"name":"wp","href":"https:\/\/api.w.org\/{rel}","templated":true}]}}